{"id":8480,"date":"2022-04-25T11:07:48","date_gmt":"2022-04-25T09:07:48","guid":{"rendered":"https:\/\/www.sv-lengede.de\/svl\/?page_id=8480"},"modified":"2022-04-25T11:07:49","modified_gmt":"2022-04-25T09:07:49","slug":"schwimmabzeichen-bronze-agb","status":"publish","type":"page","link":"https:\/\/www.sv-lengede.de\/svl\/schwimmabzeichen-bronze-agb\/","title":{"rendered":"Schwimmabzeichen Bronze &#8211; AGB"},"content":{"rendered":"\n<ol class=\"wp-block-list\" type=\"1\"><li>Mit der Anmeldung wird der\/die Teilnehmer\/in in den Schwimmkurs Bronze des SV Lengede aufgenommen und entsprechend unterrichtet. Der Kurs wird an den im Vorfeld festgelegten Terminen erteilt.<\/li><li>Die Anmeldung hat schriftlich oder online (Homepage <a href=\"http:\/\/www.sv-lengede.de\">www.sv-lengede.de<\/a> ) zu erfolgen und gilt als verbindliches Angebot. Der Vertragsabschluss wird \u00fcber die Zusendung der Anmeldebest\u00e4tigung mit den Daten des gebuchten Kurses und den Kursgeb\u00fchren verbindlich.<\/li><li>Die Allgemeinen Gesch\u00e4ftsbedingungen werden mit der Anmeldung anerkannt und sind \u00fcber die Homepage des SV Lengede abrufbar.<\/li><li>An jedem Kurs kann nur eine begrenzte Anzahl an Kindern teilnehmen. Zudem kommt ein Kurs nur zustande, wenn eine bestimmte Mindestanzahl an Teilnehmern angemeldet wurde. In diesem Fall wird dem Kunden eine Ersatzveranstaltung angeboten. Wird dies nicht wahrgenommen wird die Teilnahmegeb\u00fchr zur\u00fcckerstattet. Der Unterricht in dem Schwimmkurs ist personenbezogen und nicht auf weitere Personen \u00fcbertragbar.<\/li><li>Der Umfang der vertraglichen Leistungen ergibt sich aus der Leistungsbeschreibung des Anbieters. Diese basieren auf Grundlage der Prospekte, den Internetdarstellungen der Homepage www.kids-athletix.de, sowie aus den entsprechenden Angaben in der Teilnahmebest\u00e4tigung.<\/li><li>\u00c4nderungen oder Abweichungen einzelner Leistungen von dem vereinbarten Inhalt des Vertrages, die nach Vertragsschluss notwendig werden sind nur gestattet, soweit die \u00c4\u00c4nderungen oder Abweichungen nicht erheblich sind und den Gesamtverlauf nicht beeintr\u00e4chtigen.<\/li><li>Die Kursgeb\u00fchr ist sp\u00e4testens zum Zahlungstermin zu zahlen, sp\u00e4testens jedoch zu Kursbeginn. Die Abrechnung erfolgt f\u00fcr je zehn Termine im Voraus. Bei Zahlungsverzug wird je Mahnung eine Mahngeb\u00fchr in H\u00f6he von 5 \u20ac erhoben.<\/li><li>Tritt der Kunde bis 3 Wochen vor Kursbeginn vom Vertrag zur\u00fcck, wird eine Bearbeitungsgeb\u00fchr in H\u00f6he von 15\u20ac erhoben. Bei einem R\u00fccktritt bis 2 Wochen vor Kursbeginn werden 20% der Kursgeb\u00fchren erhoben. Bei einem R\u00fccktritt weniger als 2 Wochen vor Kursbeginn werden 50% der Kursgeb\u00fchren erhoben.<\/li><li>Verpasste Unterrichtseinheiten seitens der Teilnehmer k\u00f6nnen nicht nachgeholt werden, auch nicht, wenn ein \u00e4rztliches Attest vorliegt. Es erfolgt keine anteilige Erstattung der entrichteten monatlichen Kursgeb\u00fchr.<\/li><li>Der Vertrag endet nach dem Kurs. F\u00fcr eine au\u00dferordentliche K\u00fcndigung aufgrund einer dauerhaften schweren Erkrankung ist die Vorlage eines Attestes des behandelnden Arztes erforderlich.<\/li><li>F\u00fcr die Dauer des gebuchten Schwimmkurses beim SV Lengede \u00fcbertragen die Erziehungsberechtigten dem\/ der Kursleiter*innen,<\/li><li>Der Anbieter beh\u00e4lt sich das Recht vor, bei Nichteinhaltung der Kursregeln, den Teilnehmer auf eigene Kosten vom Kurs auszuschlie\u00dfen.<\/li><li>Die Umsetzung der angebotenen Leistung obliegt ausschlie\u00dflich dem SV Lengede.<\/li><li>Der Unterrichtsbeginn kann sich im Einzelfall etwas verz\u00f6gern, da entsprechend den p\u00e4dagogischen Erfahrungen jedem Kursteilnehmer angemessen individuelle Betreuung zuteilwerden soll.<\/li><li>Die Eltern des Teilnehmers verpflichten sich mit der Anmeldung und zum jeweiligen Leistungsbeginn vom SV Lengede den\/der jeweiligen Schwimmleiter*in \u00fcber alle Gesundheitsbeeintr\u00e4chtigungen (schriftlich) und notwendige Medikamente (schriftlich) ihres Kindes zu informieren. Ver\u00e4nderungen des Gesundheitszustandes des Teilnehmers w\u00e4hrend der gebuchten Veranstaltung des SV Lengede sind dem Schwimmleiter*in unverz\u00fcglich zu melden und k\u00f6nnen zum Ausschluss aus der Leistung des SV Lengede f\u00fchren.<\/li><li>Mit der Teilnahme zu den einzelnen Kursterminen wird best\u00e4tigt, dass der Kursteilnehmer\/in keine schwerwiegenden Krankheiten (z.B. ansteckende Infektionen) hat.<\/li><li>Der SV Lengede als Anbieter haftet im Rahmen der Sorgfaltspflicht f\u00fcr die gewissenhafte Vorbereitung, die Richtigkeit der Beschreibung und die ordnungsgem\u00e4\u00dfe Erbringung der vertraglich vereinbarten Leistungen.<\/li><li>Bei kurzfristigem Ausfall von Kursterminen (z.B. Krankheit des Kursleiters*innen) werden die Kursteilnehmer so rechtzeitig wie m\u00f6glich informiert. Zudem wird ein Nachholtermin vom SV Lengede festgelegt. F\u00fcr die Sperrung der Schwimmeinrichtung ist der SV Lengede weisungsgebunden. Die Ausfallzeit durch Sperrungen wird nachgeholt.<\/li><li>Der SV Lengede \u00fcbernimmt keinerlei Haftung f\u00fcr Schaden oder Verletzungen an sich oder an Dritten.<\/li><li>Es wird keinerlei Haftung f\u00fcr Wertsachen und Garderobe \u00fcbernommen.<\/li><li>Jeder Teilnehmer muss kranken- und haftpflichtversichert sein, Kinder und Jugendliche somit \u00fcber ihre Erziehungsberechtigten. Der Abschluss weiterer Versicherungen liegt im Ermessen des Teilnehmers. Eltern haften f\u00fcr ihre Kinder.<\/li><li>Wird ein Teilnehmer w\u00e4hrend der Veranstaltung krank oder verletzt sich, so bevollm\u00e4chtigen seine Erziehungsberechtigten den Anbieter alle notwendigen Schritte und Aktionen f\u00fcr eine sichere, angemessene Behandlung und\/oder seinen Heimtransport zu veranlassen. Sollten dem Anbieter durch eine medizinische Notfallversorgung eines Teilnehmers Kosten entstehen, so erkl\u00e4ren sich der Teilnehmer beziehungsweise seine Erziehungsberechtigten bereit, diese umgehend zu erstatten.<\/li><li>Mit der Anmeldung zum Kurs des SV Lengede wird eingewilligt, dass w\u00e4hrend des Unterrichts erstellte Film- und Fotoaufnahmen zum Zwecke der \u00d6ffentlichkeitsarbeit oder von Werbema\u00dfnahmen f\u00fcr die Schwimmschule genutzt werden k\u00f6nnen. Derartige Werbema\u00dfnahmen k\u00f6nnen z.B. Darstellungen, Berichte oder Anzeigen in Tageszeitungen oder im Internet, insbesondere auf der Homepage der Schwimmschule, sein. Der Erstellung und Verwendung von Foto- und Filmaufnahmen kann zu Beginn des Kurses widersprochen werden.<\/li><li>Alle Daten werden lediglich erhoben, verarbeitet und vom SV Lengede genutzt, soweit dies f\u00fcr die Durchf\u00fchrung des Vertrags sowie weitere Gesch\u00e4ftsbeziehungen mit dem Kursteilnehmer erforderlich ist. Sie werden nicht an Dritte weitergegeben.<\/li><li>Sollten Teile der Vertragspunkte unwirksam sein, ber\u00fchrt dieses nicht die Wirksamkeit der \u00fcbrigen Vertragspunkte. Vielmehr wird dieser Vertragspunkt durch einen neuen ersetzt, der die mit dem alten Vertragspunkt verfolgten Absichten bestm\u00f6glich erreicht. M\u00fcndliche Nebenabreden wurden nicht getroffen. Die Vertragspunkte erkenne ich an.<\/li><\/ol>\n","protected":false},"excerpt":{"rendered":"<p>Mit der Anmeldung wird der\/die Teilnehmer\/in in den Schwimmkurs Bronze des SV Lengede aufgenommen und entsprechend unterrichtet. Der Kurs wird an den<\/p>\n<p class=\"link-more\"><a class=\"myButt \" href=\"https:\/\/www.sv-lengede.de\/svl\/schwimmabzeichen-bronze-agb\/\">Read More<\/a><\/p>\n","protected":false},"author":1,"featured_media":0,"parent":0,"menu_order":0,"comment_status":"closed","ping_status":"closed","template":"","meta":{"footnotes":""},"class_list":["post-8480","page","type-page","status-publish","hentry"],"rttpg_featured_image_url":null,"rttpg_author":{"display_name":"svladmin","author_link":"https:\/\/www.sv-lengede.de\/svl\/author\/svladmin\/"},"rttpg_comment":0,"rttpg_category":null,"rttpg_excerpt":"Mit der Anmeldung wird der\/die Teilnehmer\/in in den Schwimmkurs Bronze des SV Lengede aufgenommen und entsprechend unterrichtet. Der Kurs wird an denRead More","_links":{"self":[{"href":"https:\/\/www.sv-lengede.de\/svl\/wp-json\/wp\/v2\/pages\/8480","targetHints":{"allow":["GET"]}}],"collection":[{"href":"https:\/\/www.sv-lengede.de\/svl\/wp-json\/wp\/v2\/pages"}],"about":[{"href":"https:\/\/www.sv-lengede.de\/svl\/wp-json\/wp\/v2\/types\/page"}],"author":[{"embeddable":true,"href":"https:\/\/www.sv-lengede.de\/svl\/wp-json\/wp\/v2\/users\/1"}],"replies":[{"embeddable":true,"href":"https:\/\/www.sv-lengede.de\/svl\/wp-json\/wp\/v2\/comments?post=8480"}],"version-history":[{"count":1,"href":"https:\/\/www.sv-lengede.de\/svl\/wp-json\/wp\/v2\/pages\/8480\/revisions"}],"predecessor-version":[{"id":8481,"href":"https:\/\/www.sv-lengede.de\/svl\/wp-json\/wp\/v2\/pages\/8480\/revisions\/8481"}],"wp:attachment":[{"href":"https:\/\/www.sv-lengede.de\/svl\/wp-json\/wp\/v2\/media?parent=8480"}],"curies":[{"name":"wp","href":"https:\/\/api.w.org\/{rel}","templated":true}]}}