{"id":5067,"date":"2021-06-10T10:20:20","date_gmt":"2021-06-10T08:20:20","guid":{"rendered":"https:\/\/www.sv-lengede.de\/svl\/?page_id=5067"},"modified":"2025-03-27T12:07:59","modified_gmt":"2025-03-27T11:07:59","slug":"formulare","status":"publish","type":"page","link":"https:\/\/www.sv-lengede.de\/svl\/formulare\/","title":{"rendered":"Formulare"},"content":{"rendered":"\n<p>Hier findet ihr alle Formulare, die ihr zur Anmeldung im Verein braucht. <br>Der Antrag auf Spielerlaubnis wird nur f\u00fcr den Fu\u00dfballbereich gebraucht. Bei weiteren Fragen zu Formularen bitte an das B\u00fcro des SV Lengede von 1912 e.V. wenden (<a href=\"mailto:buero@sv-lengede.de\">buero@sv-lengede.de<\/a>). <\/p>\n\n\n\n<p><\/p>\n\n\n\n<p class=\"has-medium-font-size\"><strong>Aufnahmeantrag SV Lengede 1912 e.V.<\/strong><\/p>\n\n\n\n<div class=\"wp-block-file\"><a id=\"wp-block-file--media-0d193ab8-0646-4b70-8f2a-3c0c2e8802be\" href=\"https:\/\/www.sv-lengede.de\/svl\/wp-content\/uploads\/2025\/03\/Aufnahmeantrag-Basis-Daten.pdf\">Aufnahmeantrag Basis Daten<\/a><a href=\"https:\/\/www.sv-lengede.de\/svl\/wp-content\/uploads\/2025\/03\/Aufnahmeantrag-Basis-Daten.pdf\" class=\"wp-block-file__button wp-element-button\" download aria-describedby=\"wp-block-file--media-0d193ab8-0646-4b70-8f2a-3c0c2e8802be\">Herunterladen<\/a><\/div>\n\n\n\n<div class=\"wp-block-file\"><a id=\"wp-block-file--media-515007fb-4c21-4b17-974f-e16456dd2516\" href=\"https:\/\/www.sv-lengede.de\/svl\/wp-content\/uploads\/2024\/06\/Verein-Aufnahmeantrag-Beiblatt-1.pdf\">Verein Aufnahmeantrag Beiblatt<\/a><a href=\"https:\/\/www.sv-lengede.de\/svl\/wp-content\/uploads\/2024\/06\/Verein-Aufnahmeantrag-Beiblatt-1.pdf\" class=\"wp-block-file__button wp-element-button\" download aria-describedby=\"wp-block-file--media-515007fb-4c21-4b17-974f-e16456dd2516\">Herunterladen<\/a><\/div>\n\n\n\n<p><\/p>\n\n\n\n<p class=\"has-medium-font-size\"><strong>NFV &#8211; Antrag auf Spielerlaubnis<\/strong><\/p>\n\n\n\n<div class=\"wp-block-file\"><a id=\"wp-block-file--media-319f90d7-58a3-4008-94f3-8161f1ba54cd\" href=\"https:\/\/www.sv-lengede.de\/svl\/wp-content\/uploads\/2024\/06\/Spielerlaubnisantrag_0624.pdf\">Spielerlaubnisantrag<\/a><a href=\"https:\/\/www.sv-lengede.de\/svl\/wp-content\/uploads\/2024\/06\/Spielerlaubnisantrag_0624.pdf\" class=\"wp-block-file__button wp-element-button\" download aria-describedby=\"wp-block-file--media-319f90d7-58a3-4008-94f3-8161f1ba54cd\">Herunterladen<\/a><\/div>\n","protected":false},"excerpt":{"rendered":"<p>Hier findet ihr alle Formulare, die ihr zur Anmeldung im Verein braucht. Der Antrag auf Spielerlaubnis wird nur f\u00fcr den Fu\u00dfballbereich gebraucht.<\/p>\n<p class=\"link-more\"><a class=\"myButt \" href=\"https:\/\/www.sv-lengede.de\/svl\/formulare\/\">Read More<\/a><\/p>\n","protected":false},"author":1,"featured_media":0,"parent":0,"menu_order":0,"comment_status":"closed","ping_status":"closed","template":"","meta":{"footnotes":""},"class_list":["post-5067","page","type-page","status-publish","hentry"],"rttpg_featured_image_url":null,"rttpg_author":{"display_name":"svladmin","author_link":"https:\/\/www.sv-lengede.de\/svl\/author\/svladmin\/"},"rttpg_comment":0,"rttpg_category":null,"rttpg_excerpt":"Hier findet ihr alle Formulare, die ihr zur Anmeldung im Verein braucht. Der Antrag auf Spielerlaubnis wird nur f\u00fcr den Fu\u00dfballbereich gebraucht.Read More","_links":{"self":[{"href":"https:\/\/www.sv-lengede.de\/svl\/wp-json\/wp\/v2\/pages\/5067","targetHints":{"allow":["GET"]}}],"collection":[{"href":"https:\/\/www.sv-lengede.de\/svl\/wp-json\/wp\/v2\/pages"}],"about":[{"href":"https:\/\/www.sv-lengede.de\/svl\/wp-json\/wp\/v2\/types\/page"}],"author":[{"embeddable":true,"href":"https:\/\/www.sv-lengede.de\/svl\/wp-json\/wp\/v2\/users\/1"}],"replies":[{"embeddable":true,"href":"https:\/\/www.sv-lengede.de\/svl\/wp-json\/wp\/v2\/comments?post=5067"}],"version-history":[{"count":9,"href":"https:\/\/www.sv-lengede.de\/svl\/wp-json\/wp\/v2\/pages\/5067\/revisions"}],"predecessor-version":[{"id":9322,"href":"https:\/\/www.sv-lengede.de\/svl\/wp-json\/wp\/v2\/pages\/5067\/revisions\/9322"}],"wp:attachment":[{"href":"https:\/\/www.sv-lengede.de\/svl\/wp-json\/wp\/v2\/media?parent=5067"}],"curies":[{"name":"wp","href":"https:\/\/api.w.org\/{rel}","templated":true}]}}