{"id":4248,"date":"2021-05-06T18:31:52","date_gmt":"2021-05-06T16:31:52","guid":{"rendered":"https:\/\/www.sv-lengede.de\/svl\/?page_id=4248"},"modified":"2021-05-06T18:34:20","modified_gmt":"2021-05-06T16:34:20","slug":"verein","status":"publish","type":"page","link":"https:\/\/www.sv-lengede.de\/svl\/verein\/","title":{"rendered":"Verein"},"content":{"rendered":"\t\t<div data-elementor-type=\"wp-page\" data-elementor-id=\"4248\" class=\"elementor elementor-4248\">\n\t\t\t\t\t\t<section class=\"elementor-section elementor-top-section elementor-element elementor-element-822be0a elementor-section-boxed elementor-section-height-default elementor-section-height-default\" data-id=\"822be0a\" data-element_type=\"section\" data-e-type=\"section\">\n\t\t\t\t\t\t<div class=\"elementor-container elementor-column-gap-default\">\n\t\t\t\t\t<div class=\"elementor-column elementor-col-100 elementor-top-column elementor-element elementor-element-8ad4d07\" data-id=\"8ad4d07\" data-element_type=\"column\" data-e-type=\"column\">\n\t\t\t<div class=\"elementor-widget-wrap elementor-element-populated\">\n\t\t\t\t\t\t<div class=\"elementor-element elementor-element-184f9e2 elementor-widget elementor-widget-wp-widget-srpw_widget\" data-id=\"184f9e2\" data-element_type=\"widget\" data-e-type=\"widget\" data-widget_type=\"wp-widget-srpw_widget.default\">\n\t\t\t\t<div class=\"elementor-widget-container\">\n\t\t\t\t\t&lt;u&gt;&lt;h2&gt;Aktuelle Themen im Verein&lt;\/h2&gt;&lt;\/u&gt;\r\n&lt;br&gt;&lt;br&gt;<div class=\"srpw-block srpw-classic-style \"><style>.srpw-thumbnail{\r\nwidth: 60px;\r\nheight: 60px;\r\n}<\/style><ul class=\"srpw-ul\"><li class=\"srpw-li srpw-clearfix\"><a class=\"srpw-img srpw-alignleft\" href=\"https:\/\/www.sv-lengede.de\/svl\/einladung-mitgliederversammlung-am-08-05-2026\/\" target=\"_self\"><img decoding=\"async\" width=\"150\" height=\"150\" src=\"https:\/\/www.sv-lengede.de\/svl\/wp-content\/uploads\/2021\/05\/SVL_transparent-150x150.png\" class=\" srpw-thumbnail wp-post-image\" alt=\"Einladung Mitgliederversammlung am 08.05.2026\" srcset=\"https:\/\/www.sv-lengede.de\/svl\/wp-content\/uploads\/2021\/05\/SVL_transparent-150x150.png 150w, https:\/\/www.sv-lengede.de\/svl\/wp-content\/uploads\/2021\/05\/SVL_transparent-300x300.png 300w, https:\/\/www.sv-lengede.de\/svl\/wp-content\/uploads\/2021\/05\/SVL_transparent-768x768.png 768w, https:\/\/www.sv-lengede.de\/svl\/wp-content\/uploads\/2021\/05\/SVL_transparent-1536x1536.png 1536w, https:\/\/www.sv-lengede.de\/svl\/wp-content\/uploads\/2021\/05\/SVL_transparent-2048x2048.png 2048w\" sizes=\"(max-width: 150px) 100vw, 150px\" \/><\/a><div class=\"srpw-content\"><a class=\"srpw-title\" href=\"https:\/\/www.sv-lengede.de\/svl\/einladung-mitgliederversammlung-am-08-05-2026\/\" target=\"_self\">Einladung Mitgliederversammlung am 08.05.2026<\/a><div class=\"srpw-meta\"><time class=\"srpw-time published\" datetime=\"2026-04-12T09:25:27+02:00\">12. April 2026<\/time><\/div><div class=\"srpw-summary\"><p>Die Antr\u00e4ge (TOP 9a &#8211; TOP 9c) stehen im unteren Bereich zum Download bereit. Antrag zu TOP 9a: Antrag zu TOP 9b:Read More<\/p><a href=\"https:\/\/www.sv-lengede.de\/svl\/einladung-mitgliederversammlung-am-08-05-2026\/\" class=\"srpw-more-link\" target=\"_self\">Weiterlesen<\/a><\/div><\/div><\/li><li class=\"srpw-li srpw-clearfix\"><a class=\"srpw-img srpw-alignleft\" href=\"https:\/\/www.sv-lengede.de\/svl\/einladung-zur-abteilungsversammlung-der-fussballabteilung\/\" target=\"_self\"><img decoding=\"async\" width=\"150\" height=\"150\" src=\"https:\/\/www.sv-lengede.de\/svl\/wp-content\/uploads\/2021\/05\/SVL_transparent-150x150.png\" class=\" srpw-thumbnail wp-post-image\" alt=\"Einladung zur Abteilungsversammlung der Fu\u00dfballabteilung\" srcset=\"https:\/\/www.sv-lengede.de\/svl\/wp-content\/uploads\/2021\/05\/SVL_transparent-150x150.png 150w, https:\/\/www.sv-lengede.de\/svl\/wp-content\/uploads\/2021\/05\/SVL_transparent-300x300.png 300w, https:\/\/www.sv-lengede.de\/svl\/wp-content\/uploads\/2021\/05\/SVL_transparent-768x768.png 768w, https:\/\/www.sv-lengede.de\/svl\/wp-content\/uploads\/2021\/05\/SVL_transparent-1536x1536.png 1536w, https:\/\/www.sv-lengede.de\/svl\/wp-content\/uploads\/2021\/05\/SVL_transparent-2048x2048.png 2048w\" sizes=\"(max-width: 150px) 100vw, 150px\" \/><\/a><div class=\"srpw-content\"><a class=\"srpw-title\" href=\"https:\/\/www.sv-lengede.de\/svl\/einladung-zur-abteilungsversammlung-der-fussballabteilung\/\" target=\"_self\">Einladung zur Abteilungsversammlung der Fu\u00dfballabteilung<\/a><div class=\"srpw-meta\"><time class=\"srpw-time published\" datetime=\"2026-03-27T10:46:50+01:00\">27. M\u00e4rz 2026<\/time><\/div><div class=\"srpw-summary\"><p><\/p><a href=\"https:\/\/www.sv-lengede.de\/svl\/einladung-zur-abteilungsversammlung-der-fussballabteilung\/\" class=\"srpw-more-link\" target=\"_self\">Weiterlesen<\/a><\/div><\/div><\/li><li class=\"srpw-li srpw-clearfix\"><a class=\"srpw-img srpw-alignleft\" href=\"https:\/\/www.sv-lengede.de\/svl\/bekanntmachung-mitgliederversammlung-2026\/\" target=\"_self\"><img decoding=\"async\" width=\"150\" height=\"150\" src=\"https:\/\/www.sv-lengede.de\/svl\/wp-content\/uploads\/2021\/05\/SVL_transparent-150x150.png\" class=\" srpw-thumbnail wp-post-image\" alt=\"Bekanntmachung Mitgliederversammlung 2026\" srcset=\"https:\/\/www.sv-lengede.de\/svl\/wp-content\/uploads\/2021\/05\/SVL_transparent-150x150.png 150w, https:\/\/www.sv-lengede.de\/svl\/wp-content\/uploads\/2021\/05\/SVL_transparent-300x300.png 300w, https:\/\/www.sv-lengede.de\/svl\/wp-content\/uploads\/2021\/05\/SVL_transparent-768x768.png 768w, https:\/\/www.sv-lengede.de\/svl\/wp-content\/uploads\/2021\/05\/SVL_transparent-1536x1536.png 1536w, https:\/\/www.sv-lengede.de\/svl\/wp-content\/uploads\/2021\/05\/SVL_transparent-2048x2048.png 2048w\" sizes=\"(max-width: 150px) 100vw, 150px\" \/><\/a><div class=\"srpw-content\"><a class=\"srpw-title\" href=\"https:\/\/www.sv-lengede.de\/svl\/bekanntmachung-mitgliederversammlung-2026\/\" target=\"_self\">Bekanntmachung Mitgliederversammlung 2026<\/a><div class=\"srpw-meta\"><time class=\"srpw-time published\" datetime=\"2026-03-17T16:50:48+01:00\">17. M\u00e4rz 2026<\/time><\/div><div class=\"srpw-summary\"><p><\/p><a href=\"https:\/\/www.sv-lengede.de\/svl\/bekanntmachung-mitgliederversammlung-2026\/\" class=\"srpw-more-link\" target=\"_self\">Weiterlesen<\/a><\/div><\/div><\/li><li class=\"srpw-li srpw-clearfix\"><a class=\"srpw-img srpw-alignleft\" href=\"https:\/\/www.sv-lengede.de\/svl\/weihnachtsgruss-sv-lengede-2025\/\" target=\"_self\"><img loading=\"lazy\" decoding=\"async\" width=\"150\" height=\"150\" src=\"https:\/\/www.sv-lengede.de\/svl\/wp-content\/uploads\/2025\/12\/ChatGPT-Image-23.-Dez.-2025-11_41_53-150x150.jpg\" class=\" srpw-thumbnail wp-post-image\" alt=\"Weihnachtsgru\u00df SV-Lengede 2025\" \/><\/a><div class=\"srpw-content\"><a class=\"srpw-title\" href=\"https:\/\/www.sv-lengede.de\/svl\/weihnachtsgruss-sv-lengede-2025\/\" target=\"_self\">Weihnachtsgru\u00df SV-Lengede 2025<\/a><div class=\"srpw-meta\"><time class=\"srpw-time published\" datetime=\"2025-12-23T11:38:42+01:00\">23. Dezember 2025<\/time><\/div><div class=\"srpw-summary\"><p><\/p><a href=\"https:\/\/www.sv-lengede.de\/svl\/weihnachtsgruss-sv-lengede-2025\/\" class=\"srpw-more-link\" target=\"_self\">Weiterlesen<\/a><\/div><\/div><\/li><li class=\"srpw-li srpw-clearfix\"><a class=\"srpw-img srpw-alignleft\" href=\"https:\/\/www.sv-lengede.de\/svl\/protokoll-der-mitgliederversammlung-vom-18-mai-2025\/\" target=\"_self\"><img loading=\"lazy\" decoding=\"async\" width=\"73\" height=\"73\" src=\"https:\/\/www.sv-lengede.de\/svl\/wp-content\/uploads\/2021\/05\/SVL_transparent_75x75.png\" class=\" srpw-thumbnail wp-post-image\" alt=\"Protokoll der Mitgliederversammlung vom 18. Mai 2025\" \/><\/a><div class=\"srpw-content\"><a class=\"srpw-title\" href=\"https:\/\/www.sv-lengede.de\/svl\/protokoll-der-mitgliederversammlung-vom-18-mai-2025\/\" target=\"_self\">Protokoll der Mitgliederversammlung vom 18. Mai 2025<\/a><div class=\"srpw-meta\"><time class=\"srpw-time published\" datetime=\"2025-05-18T11:35:00+02:00\">18. Mai 2025<\/time><\/div><div class=\"srpw-summary\"><p><\/p><a href=\"https:\/\/www.sv-lengede.de\/svl\/protokoll-der-mitgliederversammlung-vom-18-mai-2025\/\" class=\"srpw-more-link\" target=\"_self\">Weiterlesen<\/a><\/div><\/div><\/li><li class=\"srpw-li srpw-clearfix\"><a class=\"srpw-img srpw-alignleft\" href=\"https:\/\/www.sv-lengede.de\/svl\/nachtrag-einladung-zur-mitgliederversammlung-2025\/\" target=\"_self\"><img loading=\"lazy\" decoding=\"async\" width=\"150\" height=\"150\" src=\"https:\/\/www.sv-lengede.de\/svl\/wp-content\/uploads\/2021\/05\/SVL_transparent-150x150.png\" class=\" srpw-thumbnail wp-post-image\" alt=\"Nachtrag &#8211; Einladung zur Mitgliederversammlung 2025\" srcset=\"https:\/\/www.sv-lengede.de\/svl\/wp-content\/uploads\/2021\/05\/SVL_transparent-150x150.png 150w, https:\/\/www.sv-lengede.de\/svl\/wp-content\/uploads\/2021\/05\/SVL_transparent-300x300.png 300w, https:\/\/www.sv-lengede.de\/svl\/wp-content\/uploads\/2021\/05\/SVL_transparent-768x768.png 768w, https:\/\/www.sv-lengede.de\/svl\/wp-content\/uploads\/2021\/05\/SVL_transparent-1536x1536.png 1536w, https:\/\/www.sv-lengede.de\/svl\/wp-content\/uploads\/2021\/05\/SVL_transparent-2048x2048.png 2048w\" sizes=\"(max-width: 150px) 100vw, 150px\" \/><\/a><div class=\"srpw-content\"><a class=\"srpw-title\" href=\"https:\/\/www.sv-lengede.de\/svl\/nachtrag-einladung-zur-mitgliederversammlung-2025\/\" target=\"_self\">Nachtrag &#8211; Einladung zur Mitgliederversammlung 2025<\/a><div class=\"srpw-meta\"><time class=\"srpw-time published\" datetime=\"2025-04-27T21:13:00+02:00\">27. April 2025<\/time><\/div><div class=\"srpw-summary\"><p>Die Antr\u00e4ge des Vorstandes stehen unterhalb der Einladung zum Download bereit.<\/p><a href=\"https:\/\/www.sv-lengede.de\/svl\/nachtrag-einladung-zur-mitgliederversammlung-2025\/\" class=\"srpw-more-link\" target=\"_self\">Weiterlesen<\/a><\/div><\/div><\/li><li class=\"srpw-li srpw-clearfix\"><a class=\"srpw-img srpw-alignleft\" href=\"https:\/\/www.sv-lengede.de\/svl\/8-lengeder-kubb-cup\/\" target=\"_self\"><img loading=\"lazy\" decoding=\"async\" width=\"150\" height=\"150\" src=\"https:\/\/www.sv-lengede.de\/svl\/wp-content\/uploads\/2018\/08\/logolengedekubbt...-150x150.png\" class=\" srpw-thumbnail wp-post-image\" alt=\"\u00a08. Lengeder KUBB-CUP\" \/><\/a><div class=\"srpw-content\"><a class=\"srpw-title\" href=\"https:\/\/www.sv-lengede.de\/svl\/8-lengeder-kubb-cup\/\" target=\"_self\">\u00a08. Lengeder KUBB-CUP<\/a><div class=\"srpw-meta\"><time class=\"srpw-time published\" datetime=\"2025-04-09T15:51:14+02:00\">9. April 2025<\/time><\/div><div class=\"srpw-summary\"><p>8. LKC \u2013 2025-05-05 \u2013 Infos Direkt zur\u00a0Anmeldung\u00a0 Ein Mal im Jahr ein Kubb-Turnier \u201eunter uns\u201d. Der Lengeder KUBB-CUP ist eine Veranstaltung,Read More<\/p><a href=\"https:\/\/www.sv-lengede.de\/svl\/8-lengeder-kubb-cup\/\" class=\"srpw-more-link\" target=\"_self\">Weiterlesen<\/a><\/div><\/div><\/li><li class=\"srpw-li srpw-clearfix\"><a class=\"srpw-img srpw-alignleft\" href=\"https:\/\/www.sv-lengede.de\/svl\/crosslauf-kreismeisterschaft-in-gadenstedt\/\" target=\"_self\"><img loading=\"lazy\" decoding=\"async\" width=\"150\" height=\"150\" src=\"https:\/\/www.sv-lengede.de\/svl\/wp-content\/uploads\/2025\/03\/begin-6881554_1920-150x150.jpg\" class=\" srpw-thumbnail wp-post-image\" alt=\"Crosslauf: Kreismeisterschaft in Gadenstedt\" \/><\/a><div class=\"srpw-content\"><a class=\"srpw-title\" href=\"https:\/\/www.sv-lengede.de\/svl\/crosslauf-kreismeisterschaft-in-gadenstedt\/\" target=\"_self\">Crosslauf: Kreismeisterschaft in Gadenstedt<\/a><div class=\"srpw-meta\"><time class=\"srpw-time published\" datetime=\"2025-03-30T11:14:43+02:00\">30. M\u00e4rz 2025<\/time><\/div><div class=\"srpw-summary\"><p>Quelle: BZ Zeitung vom 22.03.2025<\/p><a href=\"https:\/\/www.sv-lengede.de\/svl\/crosslauf-kreismeisterschaft-in-gadenstedt\/\" class=\"srpw-more-link\" target=\"_self\">Weiterlesen<\/a><\/div><\/div><\/li><li class=\"srpw-li srpw-clearfix\"><a class=\"srpw-img srpw-alignleft\" href=\"https:\/\/www.sv-lengede.de\/svl\/einladung-mitgliederversammlung-2025\/\" target=\"_self\"><img loading=\"lazy\" decoding=\"async\" width=\"150\" height=\"150\" src=\"https:\/\/www.sv-lengede.de\/svl\/wp-content\/uploads\/2021\/05\/SVL_transparent-150x150.png\" class=\" srpw-thumbnail wp-post-image\" alt=\"Einladung Mitgliederversammlung 2025\" srcset=\"https:\/\/www.sv-lengede.de\/svl\/wp-content\/uploads\/2021\/05\/SVL_transparent-150x150.png 150w, https:\/\/www.sv-lengede.de\/svl\/wp-content\/uploads\/2021\/05\/SVL_transparent-300x300.png 300w, https:\/\/www.sv-lengede.de\/svl\/wp-content\/uploads\/2021\/05\/SVL_transparent-768x768.png 768w, https:\/\/www.sv-lengede.de\/svl\/wp-content\/uploads\/2021\/05\/SVL_transparent-1536x1536.png 1536w, https:\/\/www.sv-lengede.de\/svl\/wp-content\/uploads\/2021\/05\/SVL_transparent-2048x2048.png 2048w\" sizes=\"(max-width: 150px) 100vw, 150px\" \/><\/a><div class=\"srpw-content\"><a class=\"srpw-title\" href=\"https:\/\/www.sv-lengede.de\/svl\/einladung-mitgliederversammlung-2025\/\" target=\"_self\">Einladung Mitgliederversammlung 2025<\/a><div class=\"srpw-meta\"><time class=\"srpw-time published\" datetime=\"2025-03-27T12:02:13+01:00\">27. M\u00e4rz 2025<\/time><\/div><div class=\"srpw-summary\"><p><\/p><a href=\"https:\/\/www.sv-lengede.de\/svl\/einladung-mitgliederversammlung-2025\/\" class=\"srpw-more-link\" target=\"_self\">Weiterlesen<\/a><\/div><\/div><\/li><li class=\"srpw-li srpw-clearfix\"><a class=\"srpw-img srpw-alignleft\" href=\"https:\/\/www.sv-lengede.de\/svl\/stadionordnung-2\/\" target=\"_self\"><img loading=\"lazy\" decoding=\"async\" width=\"150\" height=\"150\" src=\"https:\/\/www.sv-lengede.de\/svl\/wp-content\/uploads\/2021\/05\/SVL_transparent-150x150.png\" class=\" srpw-thumbnail wp-post-image\" alt=\"Stadionordnung SVL\" srcset=\"https:\/\/www.sv-lengede.de\/svl\/wp-content\/uploads\/2021\/05\/SVL_transparent-150x150.png 150w, https:\/\/www.sv-lengede.de\/svl\/wp-content\/uploads\/2021\/05\/SVL_transparent-300x300.png 300w, https:\/\/www.sv-lengede.de\/svl\/wp-content\/uploads\/2021\/05\/SVL_transparent-768x768.png 768w, https:\/\/www.sv-lengede.de\/svl\/wp-content\/uploads\/2021\/05\/SVL_transparent-1536x1536.png 1536w, https:\/\/www.sv-lengede.de\/svl\/wp-content\/uploads\/2021\/05\/SVL_transparent-2048x2048.png 2048w\" sizes=\"(max-width: 150px) 100vw, 150px\" \/><\/a><div class=\"srpw-content\"><a class=\"srpw-title\" href=\"https:\/\/www.sv-lengede.de\/svl\/stadionordnung-2\/\" target=\"_self\">Stadionordnung SVL<\/a><div class=\"srpw-meta\"><time class=\"srpw-time published\" datetime=\"2025-03-27T11:55:03+01:00\">27. M\u00e4rz 2025<\/time><\/div><div class=\"srpw-summary\"><p><\/p><a href=\"https:\/\/www.sv-lengede.de\/svl\/stadionordnung-2\/\" class=\"srpw-more-link\" target=\"_self\">Weiterlesen<\/a><\/div><\/div><\/li><li class=\"srpw-li srpw-clearfix\"><a class=\"srpw-img srpw-alignleft\" href=\"https:\/\/www.sv-lengede.de\/svl\/vertragsverlaengerung-mit-trainerteam-sean-krebs-und-sascha-fassa\/\" target=\"_self\"><img loading=\"lazy\" decoding=\"async\" width=\"150\" height=\"150\" src=\"https:\/\/www.sv-lengede.de\/svl\/wp-content\/uploads\/2024\/03\/pexels-fabricio-trujillo-54567-150x150.jpg\" class=\" srpw-thumbnail wp-post-image\" alt=\"Vertragsverl\u00e4ngerung mit Trainerteam Sean Krebs und Sascha Fassa\" \/><\/a><div class=\"srpw-content\"><a class=\"srpw-title\" href=\"https:\/\/www.sv-lengede.de\/svl\/vertragsverlaengerung-mit-trainerteam-sean-krebs-und-sascha-fassa\/\" target=\"_self\">Vertragsverl\u00e4ngerung mit Trainerteam Sean Krebs und Sascha Fassa<\/a><div class=\"srpw-meta\"><time class=\"srpw-time published\" datetime=\"2025-03-20T18:11:49+01:00\">20. M\u00e4rz 2025<\/time><\/div><div class=\"srpw-summary\"><p>Der Sportverein Lengede freut sich, \u00fcber die Vertragsverl\u00e4ngerung mit unserem Trainerteam Sean Krebs und Sascha Fassa f\u00fcr die kommende Saison.Nach einem herausforderndenRead More<\/p><a href=\"https:\/\/www.sv-lengede.de\/svl\/vertragsverlaengerung-mit-trainerteam-sean-krebs-und-sascha-fassa\/\" class=\"srpw-more-link\" target=\"_self\">Weiterlesen<\/a><\/div><\/div><\/li><li class=\"srpw-li srpw-clearfix\"><a class=\"srpw-img srpw-alignleft\" href=\"https:\/\/www.sv-lengede.de\/svl\/protokoll-der-mitgliederversammlung-vom-05-mai-2024\/\" target=\"_self\"><img loading=\"lazy\" decoding=\"async\" width=\"73\" height=\"73\" src=\"https:\/\/www.sv-lengede.de\/svl\/wp-content\/uploads\/2021\/05\/SVL_transparent_75x75.png\" class=\" srpw-thumbnail wp-post-image\" alt=\"Protokoll der Mitgliederversammlung vom 05. Mai 2024\" \/><\/a><div class=\"srpw-content\"><a class=\"srpw-title\" href=\"https:\/\/www.sv-lengede.de\/svl\/protokoll-der-mitgliederversammlung-vom-05-mai-2024\/\" target=\"_self\">Protokoll der Mitgliederversammlung vom 05. Mai 2024<\/a><div class=\"srpw-meta\"><time class=\"srpw-time published\" datetime=\"2024-05-05T11:31:00+02:00\">5. Mai 2024<\/time><\/div><div class=\"srpw-summary\"><p><\/p><a href=\"https:\/\/www.sv-lengede.de\/svl\/protokoll-der-mitgliederversammlung-vom-05-mai-2024\/\" class=\"srpw-more-link\" target=\"_self\">Weiterlesen<\/a><\/div><\/div><\/li><li class=\"srpw-li srpw-clearfix\"><a class=\"srpw-img srpw-alignleft\" href=\"https:\/\/www.sv-lengede.de\/svl\/schwimmabzeichen-bronze-beim-sv-lengede\/\" target=\"_self\"><img loading=\"lazy\" decoding=\"async\" width=\"150\" height=\"150\" src=\"https:\/\/www.sv-lengede.de\/svl\/wp-content\/uploads\/2022\/04\/Schwimmen_Bild-150x150.png\" class=\" srpw-thumbnail wp-post-image\" alt=\"Schwimmabzeichen Bronze beim SV Lengede *NEUE KURSE*\" \/><\/a><div class=\"srpw-content\"><a class=\"srpw-title\" href=\"https:\/\/www.sv-lengede.de\/svl\/schwimmabzeichen-bronze-beim-sv-lengede\/\" target=\"_self\">Schwimmabzeichen Bronze beim SV Lengede *NEUE KURSE*<\/a><div class=\"srpw-meta\"><time class=\"srpw-time published\" datetime=\"2024-04-19T10:51:34+02:00\">19. April 2024<\/time><\/div><div class=\"srpw-summary\"><p>Durch Unterst\u00fctzung der Gruppe Kids Athletix bietet der Sportverein Lengede nun neben der Seepferdchen-Ausbildung den Erwerb des Schwimmabzeichens Bronze (fr\u00fcher Freischwimmer) im Lehrschwimmbecken Lengede an<\/p><a href=\"https:\/\/www.sv-lengede.de\/svl\/schwimmabzeichen-bronze-beim-sv-lengede\/\" class=\"srpw-more-link\" target=\"_self\">Weiterlesen<\/a><\/div><\/div><\/li><li class=\"srpw-li srpw-clearfix\"><a class=\"srpw-img srpw-alignleft\" href=\"https:\/\/www.sv-lengede.de\/svl\/einladung-abteilungsversammlung-fussball-06-04-2024\/\" target=\"_self\"><img loading=\"lazy\" decoding=\"async\" width=\"150\" height=\"150\" src=\"https:\/\/www.sv-lengede.de\/svl\/wp-content\/uploads\/2024\/03\/pexels-fabricio-trujillo-54567-150x150.jpg\" class=\" srpw-thumbnail wp-post-image\" alt=\"!NEU! Einladung &#8211; Abteilungsversammlung Fu\u00dfball 28.04.2024\" \/><\/a><div class=\"srpw-content\"><a class=\"srpw-title\" href=\"https:\/\/www.sv-lengede.de\/svl\/einladung-abteilungsversammlung-fussball-06-04-2024\/\" target=\"_self\">!NEU! Einladung &#8211; Abteilungsversammlung Fu\u00dfball 28.04.2024<\/a><div class=\"srpw-meta\"><time class=\"srpw-time published\" datetime=\"2024-04-09T13:50:25+02:00\">9. April 2024<\/time><\/div><div class=\"srpw-summary\"><p><\/p><a href=\"https:\/\/www.sv-lengede.de\/svl\/einladung-abteilungsversammlung-fussball-06-04-2024\/\" class=\"srpw-more-link\" target=\"_self\">Weiterlesen<\/a><\/div><\/div><\/li><li class=\"srpw-li srpw-clearfix\"><a class=\"srpw-img srpw-alignleft\" href=\"https:\/\/www.sv-lengede.de\/svl\/einladung-mitgliederversammlung-2024\/\" target=\"_self\"><img loading=\"lazy\" decoding=\"async\" width=\"150\" height=\"150\" src=\"https:\/\/www.sv-lengede.de\/svl\/wp-content\/uploads\/2022\/03\/Vereinswappen-SVL-2020-150x150.jpg\" class=\" srpw-thumbnail wp-post-image\" alt=\"Einladung &#8211; Mitgliederversammlung 2024\" srcset=\"https:\/\/www.sv-lengede.de\/svl\/wp-content\/uploads\/2022\/03\/Vereinswappen-SVL-2020-150x150.jpg 150w, https:\/\/www.sv-lengede.de\/svl\/wp-content\/uploads\/2022\/03\/Vereinswappen-SVL-2020-300x300.jpg 300w, https:\/\/www.sv-lengede.de\/svl\/wp-content\/uploads\/2022\/03\/Vereinswappen-SVL-2020-768x768.jpg 768w, https:\/\/www.sv-lengede.de\/svl\/wp-content\/uploads\/2022\/03\/Vereinswappen-SVL-2020-1536x1536.jpg 1536w, https:\/\/www.sv-lengede.de\/svl\/wp-content\/uploads\/2022\/03\/Vereinswappen-SVL-2020-2048x2048.jpg 2048w\" sizes=\"(max-width: 150px) 100vw, 150px\" \/><\/a><div class=\"srpw-content\"><a class=\"srpw-title\" href=\"https:\/\/www.sv-lengede.de\/svl\/einladung-mitgliederversammlung-2024\/\" target=\"_self\">Einladung &#8211; Mitgliederversammlung 2024<\/a><div class=\"srpw-meta\"><time class=\"srpw-time published\" datetime=\"2024-03-20T19:00:32+01:00\">20. M\u00e4rz 2024<\/time><\/div><div class=\"srpw-summary\"><p><\/p><a href=\"https:\/\/www.sv-lengede.de\/svl\/einladung-mitgliederversammlung-2024\/\" class=\"srpw-more-link\" target=\"_self\">Weiterlesen<\/a><\/div><\/div><\/li><\/ul><\/div><!-- Generated by http:\/\/wordpress.org\/plugins\/smart-recent-posts-widget\/ -->\t\t\t\t<\/div>\n\t\t\t\t<\/div>\n\t\t\t\t\t<\/div>\n\t\t<\/div>\n\t\t\t\t\t<\/div>\n\t\t<\/section>\n\t\t\t\t<\/div>\n\t\t","protected":false},"excerpt":{"rendered":"","protected":false},"author":1,"featured_media":0,"parent":0,"menu_order":0,"comment_status":"closed","ping_status":"closed","template":"","meta":{"footnotes":""},"class_list":["post-4248","page","type-page","status-publish","hentry"],"rttpg_featured_image_url":null,"rttpg_author":{"display_name":"svladmin","author_link":"https:\/\/www.sv-lengede.de\/svl\/author\/svladmin\/"},"rttpg_comment":0,"rttpg_category":"","rttpg_excerpt":null,"_links":{"self":[{"href":"https:\/\/www.sv-lengede.de\/svl\/wp-json\/wp\/v2\/pages\/4248","targetHints":{"allow":["GET"]}}],"collection":[{"href":"https:\/\/www.sv-lengede.de\/svl\/wp-json\/wp\/v2\/pages"}],"about":[{"href":"https:\/\/www.sv-lengede.de\/svl\/wp-json\/wp\/v2\/types\/page"}],"author":[{"embeddable":true,"href":"https:\/\/www.sv-lengede.de\/svl\/wp-json\/wp\/v2\/users\/1"}],"replies":[{"embeddable":true,"href":"https:\/\/www.sv-lengede.de\/svl\/wp-json\/wp\/v2\/comments?post=4248"}],"version-history":[{"count":4,"href":"https:\/\/www.sv-lengede.de\/svl\/wp-json\/wp\/v2\/pages\/4248\/revisions"}],"predecessor-version":[{"id":4253,"href":"https:\/\/www.sv-lengede.de\/svl\/wp-json\/wp\/v2\/pages\/4248\/revisions\/4253"}],"wp:attachment":[{"href":"https:\/\/www.sv-lengede.de\/svl\/wp-json\/wp\/v2\/media?parent=4248"}],"curies":[{"name":"wp","href":"https:\/\/api.w.org\/{rel}","templated":true}]}}