{"id":4018,"date":"2021-04-20T15:02:04","date_gmt":"2021-04-20T13:02:04","guid":{"rendered":"http:\/\/www.sv-lengede.de\/svl\/?page_id=4018"},"modified":"2022-02-21T20:37:36","modified_gmt":"2022-02-21T19:37:36","slug":"newsletter","status":"publish","type":"page","link":"https:\/\/www.sv-lengede.de\/svl\/newsletter\/","title":{"rendered":"Newsletter"},"content":{"rendered":"\n<p>Hier k\u00f6nnt ihr euch f\u00fcr den Newsletter des SV Lengede von 1912 e.V. registrieren. <br>Falls ihr Interesse an weitere Themen habt, k\u00f6nnt ihr diese im unteren Bereich zus\u00e4tzlich ausw\u00e4hlen. So bekommt ihr immer die aktuellen Neuigkeiten aus diesen Bereichen!<\/p>\n\n\n\n<p>Solltet ihr euer Profil bearbeiten, bitte \u00fcber den Link im unteren Bereich des Newsletters gehen. Hier k\u00f6nnt ihr auch nachtr\u00e4glich die zus\u00e4tzlichen Themen abonnieren. <\/p>\n\n\n\n<div style=\"height:112px\" aria-hidden=\"true\" class=\"wp-block-spacer\"><\/div>\n\n\n<p><div class=\"tnp tnp-subscription \">\n<form method=\"post\" action=\"https:\/\/www.sv-lengede.de\/svl\/wp-admin\/admin-ajax.php?action=tnp&amp;na=s\">\n<input type=\"hidden\" name=\"nlang\" value=\"\">\n<div class=\"tnp-field tnp-field-email\"><label for=\"tnp-1\">E-Mail<\/label>\n<input class=\"tnp-email\" type=\"email\" name=\"ne\" id=\"tnp-1\" value=\"\" placeholder=\"\" required><\/div>\n<div class=\"tnp-field tnp-lists\"><div class=\"tnp-field tnp-field-checkbox tnp-field-list\"><label for=\"nl3\"><input type=\"checkbox\" id=\"nl3\" name=\"nl[]\" value=\"2\"> Fu\u00dfball<\/label><\/div>\n<div class=\"tnp-field tnp-field-checkbox tnp-field-list\"><label for=\"nl4\"><input type=\"checkbox\" id=\"nl4\" name=\"nl[]\" value=\"3\"> Badminton<\/label><\/div>\n<div class=\"tnp-field tnp-field-checkbox tnp-field-list\"><label for=\"nl5\"><input type=\"checkbox\" id=\"nl5\" name=\"nl[]\" value=\"4\"> Gesundheitssport<\/label><\/div>\n<div class=\"tnp-field tnp-field-checkbox tnp-field-list\"><label for=\"nl6\"><input type=\"checkbox\" id=\"nl6\" name=\"nl[]\" value=\"5\"> Gymnastik<\/label><\/div>\n<div class=\"tnp-field tnp-field-checkbox tnp-field-list\"><label for=\"nl7\"><input type=\"checkbox\" id=\"nl7\" name=\"nl[]\" value=\"6\"> Kubb<\/label><\/div>\n<div class=\"tnp-field tnp-field-checkbox tnp-field-list\"><label for=\"nl8\"><input type=\"checkbox\" id=\"nl8\" name=\"nl[]\" value=\"7\"> Leichtathletik<\/label><\/div>\n<div class=\"tnp-field tnp-field-checkbox tnp-field-list\"><label for=\"nl9\"><input type=\"checkbox\" id=\"nl9\" name=\"nl[]\" value=\"8\"> Radfahren<\/label><\/div>\n<div class=\"tnp-field tnp-field-checkbox tnp-field-list\"><label for=\"nl10\"><input type=\"checkbox\" id=\"nl10\" name=\"nl[]\" value=\"9\"> Schwimmen<\/label><\/div>\n<div class=\"tnp-field tnp-field-checkbox tnp-field-list\"><label for=\"nl11\"><input type=\"checkbox\" id=\"nl11\" name=\"nl[]\" value=\"10\"> Taekwondo<\/label><\/div>\n<div class=\"tnp-field tnp-field-checkbox tnp-field-list\"><label for=\"nl12\"><input type=\"checkbox\" id=\"nl12\" name=\"nl[]\" value=\"11\"> Tanz<\/label><\/div>\n<div class=\"tnp-field tnp-field-checkbox tnp-field-list\"><label for=\"nl13\"><input type=\"checkbox\" id=\"nl13\" name=\"nl[]\" value=\"12\"> Triathlon<\/label><\/div>\n<div class=\"tnp-field tnp-field-checkbox tnp-field-list\"><label for=\"nl14\"><input type=\"checkbox\" id=\"nl14\" name=\"nl[]\" value=\"13\"> Volleyball<\/label><\/div>\n<div class=\"tnp-field tnp-field-checkbox tnp-field-list\"><label for=\"nl15\"><input type=\"checkbox\" id=\"nl15\" name=\"nl[]\" value=\"14\"> Wandern<\/label><\/div>\n<div class=\"tnp-field tnp-field-checkbox tnp-field-list\"><label for=\"nl16\"><input type=\"checkbox\" id=\"nl16\" name=\"nl[]\" value=\"15\"> Walking<\/label><\/div>\n<div class=\"tnp-field tnp-field-checkbox tnp-field-list\"><label for=\"nl17\"><input type=\"checkbox\" id=\"nl17\" name=\"nl[]\" value=\"17\"> Alle Themen<\/label><\/div>\n<\/div><div class=\"tnp-field tnp-privacy-field\"><label><input type=\"checkbox\" name=\"ny\" required class=\"tnp-privacy\"> <a target=\"_blank\" href=\"https:\/\/www.sv-lengede.de\/svl\/datenschutzerklarung\/\">Ich akzeptiere die Datenschutzerkl\u00e4rung.<\/a><\/label><\/div><div class=\"tnp-field tnp-field-button\" style=\"text-align: left\"><input class=\"tnp-submit\" type=\"submit\" value=\"Anmelden\" style=\"\">\n<\/div>\n<\/form>\n<\/div>\n<\/p>","protected":false},"excerpt":{"rendered":"<p>Hier k\u00f6nnt ihr euch f\u00fcr den Newsletter des SV Lengede von 1912 e.V. registrieren. Falls ihr Interesse an weitere Themen habt, k\u00f6nnt<\/p>\n<p class=\"link-more\"><a class=\"myButt \" href=\"https:\/\/www.sv-lengede.de\/svl\/newsletter\/\">Read More<\/a><\/p>\n","protected":false},"author":1,"featured_media":0,"parent":0,"menu_order":0,"comment_status":"closed","ping_status":"closed","template":"","meta":{"footnotes":""},"class_list":["post-4018","page","type-page","status-publish","hentry"],"rttpg_featured_image_url":null,"rttpg_author":{"display_name":"svladmin","author_link":"https:\/\/www.sv-lengede.de\/svl\/author\/svladmin\/"},"rttpg_comment":0,"rttpg_category":null,"rttpg_excerpt":"Hier k\u00f6nnt ihr euch f\u00fcr den Newsletter des SV Lengede von 1912 e.V. registrieren. Falls ihr Interesse an weitere Themen habt, k\u00f6nntRead More","_links":{"self":[{"href":"https:\/\/www.sv-lengede.de\/svl\/wp-json\/wp\/v2\/pages\/4018","targetHints":{"allow":["GET"]}}],"collection":[{"href":"https:\/\/www.sv-lengede.de\/svl\/wp-json\/wp\/v2\/pages"}],"about":[{"href":"https:\/\/www.sv-lengede.de\/svl\/wp-json\/wp\/v2\/types\/page"}],"author":[{"embeddable":true,"href":"https:\/\/www.sv-lengede.de\/svl\/wp-json\/wp\/v2\/users\/1"}],"replies":[{"embeddable":true,"href":"https:\/\/www.sv-lengede.de\/svl\/wp-json\/wp\/v2\/comments?post=4018"}],"version-history":[{"count":2,"href":"https:\/\/www.sv-lengede.de\/svl\/wp-json\/wp\/v2\/pages\/4018\/revisions"}],"predecessor-version":[{"id":8211,"href":"https:\/\/www.sv-lengede.de\/svl\/wp-json\/wp\/v2\/pages\/4018\/revisions\/8211"}],"wp:attachment":[{"href":"https:\/\/www.sv-lengede.de\/svl\/wp-json\/wp\/v2\/media?parent=4018"}],"curies":[{"name":"wp","href":"https:\/\/api.w.org\/{rel}","templated":true}]}}