{"id":3063,"date":"2021-03-04T12:51:42","date_gmt":"2021-03-04T11:51:42","guid":{"rendered":"http:\/\/www.sv-lengede.de\/svl\/?page_id=3063"},"modified":"2021-05-10T14:09:33","modified_gmt":"2021-05-10T12:09:33","slug":"volleyball-2","status":"publish","type":"page","link":"https:\/\/www.sv-lengede.de\/svl\/volleyball-2\/","title":{"rendered":"Volleyball"},"content":{"rendered":"\t\t<div data-elementor-type=\"wp-page\" data-elementor-id=\"3063\" class=\"elementor elementor-3063\">\n\t\t\t\t\t\t<section class=\"elementor-section elementor-top-section elementor-element elementor-element-e43c814 elementor-section-boxed elementor-section-height-default elementor-section-height-default\" data-id=\"e43c814\" data-element_type=\"section\" data-e-type=\"section\">\n\t\t\t\t\t\t<div class=\"elementor-container elementor-column-gap-default\">\n\t\t\t\t\t<div class=\"elementor-column elementor-col-100 elementor-top-column elementor-element elementor-element-4da55c7\" data-id=\"4da55c7\" data-element_type=\"column\" data-e-type=\"column\">\n\t\t\t<div class=\"elementor-widget-wrap elementor-element-populated\">\n\t\t\t\t\t\t<div class=\"elementor-element elementor-element-0c296c6 elementor-widget elementor-widget-image\" data-id=\"0c296c6\" data-element_type=\"widget\" data-e-type=\"widget\" data-widget_type=\"image.default\">\n\t\t\t\t<div class=\"elementor-widget-container\">\n\t\t\t\t\t\t\t\t\t\t\t\t\t\t\t<img decoding=\"async\" src=\"https:\/\/www.sv-lengede.de\/svl\/wp-content\/plugins\/elementor\/assets\/images\/placeholder.png\" title=\"\" alt=\"\" loading=\"lazy\" \/>\t\t\t\t\t\t\t\t\t\t\t\t\t\t\t<\/div>\n\t\t\t\t<\/div>\n\t\t\t\t\t<\/div>\n\t\t<\/div>\n\t\t\t\t\t<\/div>\n\t\t<\/section>\n\t\t\t\t<section class=\"elementor-section elementor-top-section elementor-element elementor-element-c02ff6d elementor-section-boxed elementor-section-height-default elementor-section-height-default\" data-id=\"c02ff6d\" data-element_type=\"section\" data-e-type=\"section\">\n\t\t\t\t\t\t<div class=\"elementor-container elementor-column-gap-default\">\n\t\t\t\t\t<div class=\"elementor-column elementor-col-100 elementor-top-column elementor-element elementor-element-5ff9321\" data-id=\"5ff9321\" data-element_type=\"column\" data-e-type=\"column\">\n\t\t\t<div class=\"elementor-widget-wrap elementor-element-populated\">\n\t\t\t\t\t\t<div class=\"elementor-element elementor-element-d137ac9 elementor-widget elementor-widget-text-editor\" data-id=\"d137ac9\" data-element_type=\"widget\" data-e-type=\"widget\" data-widget_type=\"text-editor.default\">\n\t\t\t\t<div class=\"elementor-widget-container\">\n\t\t\t\t\t\t\t\t\t<p class=\"v1MsoNormal\">Wir haben eine aus 10 Spielern bestehende Herrenmannschaft, die seit mehreren Jahren am Punktspielbetrieb in der Landesliga teilnimmt.<\/p><p class=\"v1MsoNormal\">Wir trainieren, wenn m\u00f6glich, vorwiegend am Dienstag von 20 \u2013 22.00 Uhr in der Kreissporthalle in Lengede. Bei Bedarf steht auch noch der Donnerstag zur Verf\u00fcgung.<\/p><p class=\"v1MsoNormal\">Zudem w\u00fcrden wir gerne wieder unsere langj\u00e4hrige Hobbygruppe, bestehend aus Frauen und M\u00e4nnern, die auch immer am Dienstag in der oben genannten Sporthalle vertreten war, wieder aus ihrem freiwillig gew\u00e4hlten Winterschlaf aufwecken.<\/p>\t\t\t\t\t\t\t\t<\/div>\n\t\t\t\t<\/div>\n\t\t\t\t\t<\/div>\n\t\t<\/div>\n\t\t\t\t\t<\/div>\n\t\t<\/section>\n\t\t\t\t<section class=\"elementor-section elementor-top-section elementor-element elementor-element-fd0491c elementor-section-boxed elementor-section-height-default elementor-section-height-default\" data-id=\"fd0491c\" data-element_type=\"section\" data-e-type=\"section\">\n\t\t\t\t\t\t<div class=\"elementor-container elementor-column-gap-default\">\n\t\t\t\t\t<div class=\"elementor-column elementor-col-100 elementor-top-column elementor-element elementor-element-5f85ee6\" data-id=\"5f85ee6\" data-element_type=\"column\" data-e-type=\"column\">\n\t\t\t<div class=\"elementor-widget-wrap elementor-element-populated\">\n\t\t\t\t\t\t<div class=\"elementor-element elementor-element-3f7c718 elementor-widget elementor-widget-wp-widget-srpw_widget\" data-id=\"3f7c718\" data-element_type=\"widget\" data-e-type=\"widget\" data-widget_type=\"wp-widget-srpw_widget.default\">\n\t\t\t\t<div class=\"elementor-widget-container\">\n\t\t\t\t\t&lt;h2&gt;&lt;u&gt;Aktuelles&lt;\/h2&gt;&lt;\/u&gt;<div class=\"srpw-block srpw-classic-style \"><style>.srpw-thumbnail{\r\nwidth: 60px;\r\nheight: 60px;\r\n}<\/style><ul class=\"srpw-ul\"><li class=\"srpw-li srpw-clearfix\"><a class=\"srpw-img srpw-alignleft\" href=\"https:\/\/www.sv-lengede.de\/svl\/volleyball-starke-hinrunde-reicht-zum-klassenerhalt\/\" target=\"_self\"><img decoding=\"async\" width=\"150\" height=\"84\" src=\"https:\/\/www.sv-lengede.de\/svl\/wp-content\/uploads\/2024\/04\/andre-luis-rocha-sGwAKSQzGdM-unsplash-scaled.jpg\" class=\" srpw-thumbnail wp-post-image\" alt=\"Volleyball &#8211; starke Hinrunde reicht zum Klassenerhalt\" \/><\/a><div class=\"srpw-content\"><a class=\"srpw-title\" href=\"https:\/\/www.sv-lengede.de\/svl\/volleyball-starke-hinrunde-reicht-zum-klassenerhalt\/\" target=\"_self\">Volleyball &#8211; starke Hinrunde reicht zum Klassenerhalt<\/a><div class=\"srpw-meta\"><time class=\"srpw-time published\" datetime=\"2024-04-19T13:28:49+02:00\">19. April 2024<\/time><\/div><div class=\"srpw-summary\"><p><\/p><a href=\"https:\/\/www.sv-lengede.de\/svl\/volleyball-starke-hinrunde-reicht-zum-klassenerhalt\/\" class=\"srpw-more-link\" target=\"_self\">Weiterlesen<\/a><\/div><\/div><\/li><li class=\"srpw-li srpw-clearfix\"><a class=\"srpw-img srpw-alignleft\" href=\"https:\/\/www.sv-lengede.de\/svl\/volleyball-spielbericht-tuspo-weende-sv-lengede\/\" target=\"_self\"><img decoding=\"async\" width=\"64\" height=\"64\" src=\"https:\/\/www.sv-lengede.de\/svl\/wp-content\/uploads\/2014\/12\/volleyball.png\" class=\" srpw-thumbnail wp-post-image\" alt=\"Volleyball &#8211; Spielberichte\" \/><\/a><div class=\"srpw-content\"><a class=\"srpw-title\" href=\"https:\/\/www.sv-lengede.de\/svl\/volleyball-spielbericht-tuspo-weende-sv-lengede\/\" target=\"_self\">Volleyball &#8211; Spielberichte<\/a><div class=\"srpw-meta\"><time class=\"srpw-time published\" datetime=\"2021-11-26T12:24:15+01:00\">26. November 2021<\/time><\/div><div class=\"srpw-summary\"><p>Im erstem Ausw\u00e4rtsspiel der Saison tat sich der SVL in&hellip;<\/p><a href=\"https:\/\/www.sv-lengede.de\/svl\/volleyball-spielbericht-tuspo-weende-sv-lengede\/\" class=\"srpw-more-link\" target=\"_self\">Weiterlesen<\/a><\/div><\/div><\/li><li class=\"srpw-li srpw-clearfix\"><a class=\"srpw-img srpw-alignleft\" href=\"https:\/\/www.sv-lengede.de\/svl\/volleyball-hygiene-regeln-stand-28-10-2021\/\" target=\"_self\"><img decoding=\"async\" width=\"64\" height=\"64\" src=\"https:\/\/www.sv-lengede.de\/svl\/wp-content\/uploads\/2014\/12\/volleyball.png\" class=\" srpw-thumbnail wp-post-image\" alt=\"Volleyball Hygiene-Regeln Stand 28.10.2021\" \/><\/a><div class=\"srpw-content\"><a class=\"srpw-title\" href=\"https:\/\/www.sv-lengede.de\/svl\/volleyball-hygiene-regeln-stand-28-10-2021\/\" target=\"_self\">Volleyball Hygiene-Regeln Stand 28.10.2021<\/a><div class=\"srpw-meta\"><time class=\"srpw-time published\" datetime=\"2021-11-04T10:31:29+01:00\">4. November 2021<\/time><\/div><div class=\"srpw-summary\"><p>Anbei befinden sich die Hygiene-Regeln als PDF-Datei zum Download.<\/p><a href=\"https:\/\/www.sv-lengede.de\/svl\/volleyball-hygiene-regeln-stand-28-10-2021\/\" class=\"srpw-more-link\" target=\"_self\">Weiterlesen<\/a><\/div><\/div><\/li><li class=\"srpw-li srpw-clearfix\"><a class=\"srpw-img srpw-alignleft\" href=\"https:\/\/www.sv-lengede.de\/svl\/volleyball-herren-ll-6-spielbericht-vom-26-09-2020-asc-goettingen-iii-sv-lengede\/\" target=\"_self\"><img loading=\"lazy\" decoding=\"async\" width=\"64\" height=\"64\" src=\"https:\/\/www.sv-lengede.de\/svl\/wp-content\/uploads\/2014\/12\/volleyball.png\" class=\" srpw-thumbnail wp-post-image\" alt=\"Volleyball Herren LL 6 &#8211; Spielbericht vom 26.09.2020 &#8211; ASC G\u00f6ttingen III \u2013 SV Lengede\" \/><\/a><div class=\"srpw-content\"><a class=\"srpw-title\" href=\"https:\/\/www.sv-lengede.de\/svl\/volleyball-herren-ll-6-spielbericht-vom-26-09-2020-asc-goettingen-iii-sv-lengede\/\" target=\"_self\">Volleyball Herren LL 6 &#8211; Spielbericht vom 26.09.2020 &#8211; ASC G\u00f6ttingen III \u2013 SV Lengede<\/a><div class=\"srpw-meta\"><time class=\"srpw-time published\" datetime=\"2020-09-29T08:24:05+02:00\">29. September 2020<\/time><\/div><div class=\"srpw-summary\"><p>Lengede schafft \u00fcberraschend den 1. Ausw\u00e4rtssieg Der SVL holt 2&hellip;<\/p><a href=\"https:\/\/www.sv-lengede.de\/svl\/volleyball-herren-ll-6-spielbericht-vom-26-09-2020-asc-goettingen-iii-sv-lengede\/\" class=\"srpw-more-link\" target=\"_self\">Weiterlesen<\/a><\/div><\/div><\/li><li class=\"srpw-li srpw-clearfix\"><a class=\"srpw-img srpw-alignleft\" href=\"https:\/\/www.sv-lengede.de\/svl\/volleyball-herren-ll-6-spielbericht-vom-19-09-2020-tg-1860-muenden-sv-lengede\/\" target=\"_self\"><img loading=\"lazy\" decoding=\"async\" width=\"64\" height=\"64\" src=\"https:\/\/www.sv-lengede.de\/svl\/wp-content\/uploads\/2014\/12\/volleyball.png\" class=\" srpw-thumbnail wp-post-image\" alt=\"Volleyball Herren LL 6 &#8211; Spielbericht vom 19.09.2020 &#8211; : TG 1860 M\u00fcnden &#8211; SV Lengede\" \/><\/a><div class=\"srpw-content\"><a class=\"srpw-title\" href=\"https:\/\/www.sv-lengede.de\/svl\/volleyball-herren-ll-6-spielbericht-vom-19-09-2020-tg-1860-muenden-sv-lengede\/\" target=\"_self\">Volleyball Herren LL 6 &#8211; Spielbericht vom 19.09.2020 &#8211; : TG 1860 M\u00fcnden &#8211; SV Lengede<\/a><div class=\"srpw-meta\"><time class=\"srpw-time published\" datetime=\"2020-09-29T08:22:41+02:00\">29. September 2020<\/time><\/div><div class=\"srpw-summary\"><p>TG 1860 M\u00fcnden &#8211; SV Lengede 3:0 (25:13 (22 Min.),&hellip;<\/p><a href=\"https:\/\/www.sv-lengede.de\/svl\/volleyball-herren-ll-6-spielbericht-vom-19-09-2020-tg-1860-muenden-sv-lengede\/\" class=\"srpw-more-link\" target=\"_self\">Weiterlesen<\/a><\/div><\/div><\/li><\/ul><\/div><!-- Generated by http:\/\/wordpress.org\/plugins\/smart-recent-posts-widget\/ -->\t\t\t\t<\/div>\n\t\t\t\t<\/div>\n\t\t\t\t\t<\/div>\n\t\t<\/div>\n\t\t\t\t\t<\/div>\n\t\t<\/section>\n\t\t\t\t<\/div>\n\t\t","protected":false},"excerpt":{"rendered":"<p>Wir haben eine aus 10 Spielern bestehende Herrenmannschaft, die seit mehreren Jahren am Punktspielbetrieb in der Landesliga teilnimmt. Wir trainieren, wenn m\u00f6glich,<\/p>\n<p class=\"link-more\"><a class=\"myButt \" href=\"https:\/\/www.sv-lengede.de\/svl\/volleyball-herren-ll-6-spielbericht-vom-19-09-2020-tg-1860-muenden-sv-lengede\/\">Read More<\/a><\/p>\n","protected":false},"author":1,"featured_media":0,"parent":0,"menu_order":0,"comment_status":"closed","ping_status":"closed","template":"","meta":{"footnotes":""},"class_list":["post-3063","page","type-page","status-publish","hentry"],"rttpg_featured_image_url":null,"rttpg_author":{"display_name":"svladmin","author_link":"https:\/\/www.sv-lengede.de\/svl\/author\/svladmin\/"},"rttpg_comment":0,"rttpg_category":"","rttpg_excerpt":"Wir haben eine aus 10 Spielern bestehende Herrenmannschaft, die seit mehreren Jahren am Punktspielbetrieb in der Landesliga teilnimmt. Wir trainieren, wenn m\u00f6glich,Read More","_links":{"self":[{"href":"https:\/\/www.sv-lengede.de\/svl\/wp-json\/wp\/v2\/pages\/3063","targetHints":{"allow":["GET"]}}],"collection":[{"href":"https:\/\/www.sv-lengede.de\/svl\/wp-json\/wp\/v2\/pages"}],"about":[{"href":"https:\/\/www.sv-lengede.de\/svl\/wp-json\/wp\/v2\/types\/page"}],"author":[{"embeddable":true,"href":"https:\/\/www.sv-lengede.de\/svl\/wp-json\/wp\/v2\/users\/1"}],"replies":[{"embeddable":true,"href":"https:\/\/www.sv-lengede.de\/svl\/wp-json\/wp\/v2\/comments?post=3063"}],"version-history":[{"count":7,"href":"https:\/\/www.sv-lengede.de\/svl\/wp-json\/wp\/v2\/pages\/3063\/revisions"}],"predecessor-version":[{"id":4714,"href":"https:\/\/www.sv-lengede.de\/svl\/wp-json\/wp\/v2\/pages\/3063\/revisions\/4714"}],"wp:attachment":[{"href":"https:\/\/www.sv-lengede.de\/svl\/wp-json\/wp\/v2\/media?parent=3063"}],"curies":[{"name":"wp","href":"https:\/\/api.w.org\/{rel}","templated":true}]}}