{"id":3053,"date":"2021-03-04T12:50:46","date_gmt":"2021-03-04T11:50:46","guid":{"rendered":"http:\/\/www.sv-lengede.de\/svl\/?page_id=3053"},"modified":"2021-05-19T07:48:30","modified_gmt":"2021-05-19T05:48:30","slug":"taekwondo-2","status":"publish","type":"page","link":"https:\/\/www.sv-lengede.de\/svl\/taekwondo-2\/","title":{"rendered":"Taekwondo"},"content":{"rendered":"\t\t<div data-elementor-type=\"wp-page\" data-elementor-id=\"3053\" class=\"elementor elementor-3053\">\n\t\t\t\t\t\t<section class=\"elementor-section elementor-top-section elementor-element elementor-element-a41f473 elementor-section-boxed elementor-section-height-default elementor-section-height-default\" data-id=\"a41f473\" data-element_type=\"section\" data-e-type=\"section\">\n\t\t\t\t\t\t<div class=\"elementor-container elementor-column-gap-default\">\n\t\t\t\t\t<div class=\"elementor-column elementor-col-100 elementor-top-column elementor-element elementor-element-9225bfb\" data-id=\"9225bfb\" data-element_type=\"column\" data-e-type=\"column\">\n\t\t\t<div class=\"elementor-widget-wrap elementor-element-populated\">\n\t\t\t\t\t\t<div class=\"elementor-element elementor-element-27b83c2 elementor-widget elementor-widget-image\" data-id=\"27b83c2\" data-element_type=\"widget\" data-e-type=\"widget\" data-widget_type=\"image.default\">\n\t\t\t\t<div class=\"elementor-widget-container\">\n\t\t\t\t\t\t\t\t\t\t\t\t\t\t\t<img fetchpriority=\"high\" decoding=\"async\" width=\"640\" height=\"386\" src=\"https:\/\/www.sv-lengede.de\/svl\/wp-content\/uploads\/2021\/05\/Taekwondo.jpg\" class=\"attachment-large size-large wp-image-4849\" alt=\"\" srcset=\"https:\/\/www.sv-lengede.de\/svl\/wp-content\/uploads\/2021\/05\/Taekwondo.jpg 945w, https:\/\/www.sv-lengede.de\/svl\/wp-content\/uploads\/2021\/05\/Taekwondo-300x181.jpg 300w, https:\/\/www.sv-lengede.de\/svl\/wp-content\/uploads\/2021\/05\/Taekwondo-768x463.jpg 768w\" sizes=\"(max-width: 640px) 100vw, 640px\" \/>\t\t\t\t\t\t\t\t\t\t\t\t\t\t\t<\/div>\n\t\t\t\t<\/div>\n\t\t\t\t\t<\/div>\n\t\t<\/div>\n\t\t\t\t\t<\/div>\n\t\t<\/section>\n\t\t\t\t<section class=\"elementor-section elementor-top-section elementor-element elementor-element-d639702 elementor-section-boxed elementor-section-height-default elementor-section-height-default\" data-id=\"d639702\" data-element_type=\"section\" data-e-type=\"section\">\n\t\t\t\t\t\t<div class=\"elementor-container elementor-column-gap-default\">\n\t\t\t\t\t<div class=\"elementor-column elementor-col-100 elementor-top-column elementor-element elementor-element-92b9ea1\" data-id=\"92b9ea1\" data-element_type=\"column\" data-e-type=\"column\">\n\t\t\t<div class=\"elementor-widget-wrap elementor-element-populated\">\n\t\t\t\t\t\t<div class=\"elementor-element elementor-element-ab1285d elementor-widget elementor-widget-text-editor\" data-id=\"ab1285d\" data-element_type=\"widget\" data-e-type=\"widget\" data-widget_type=\"text-editor.default\">\n\t\t\t\t<div class=\"elementor-widget-container\">\n\t\t\t\t\t\t\t\t\t<p>Unseren Sport k\u00f6nnen alle aus\u00fcben, die Lust und Spa\u00df haben sich durch Taekwondo fit zu halten. Dieser Kampfsport ist in seinen Bewegungsabl\u00e4ufen sehr vielf\u00e4ltig und trainieren nicht nur den K\u00f6rper und den Geist. Hinzu kommen Kraft, Ausdauer, Schnelligkeit, Koordination, Selbstvertrauen aber auch Disziplin und Respekt lernt man bei unserem Sport kennen. Auch weil unser Sport bei Olympia pr\u00e4sentiert wird, betreiben wir unseren Sport mit Wettkampfregeln und Fairness.<\/p><p>Unser Motto ist: Taekwondo macht Spa\u00df, egal ob klein oder gro\u00df, d\u00fcnn oder dick, schwarz oder wei\u00df.\u2026<\/p>\t\t\t\t\t\t\t\t<\/div>\n\t\t\t\t<\/div>\n\t\t\t\t\t<\/div>\n\t\t<\/div>\n\t\t\t\t\t<\/div>\n\t\t<\/section>\n\t\t\t\t<section class=\"elementor-section elementor-top-section elementor-element elementor-element-8c27bf6 elementor-section-boxed elementor-section-height-default elementor-section-height-default\" data-id=\"8c27bf6\" data-element_type=\"section\" data-e-type=\"section\">\n\t\t\t\t\t\t<div class=\"elementor-container elementor-column-gap-default\">\n\t\t\t\t\t<div class=\"elementor-column elementor-col-100 elementor-top-column elementor-element elementor-element-ad58616\" data-id=\"ad58616\" data-element_type=\"column\" data-e-type=\"column\">\n\t\t\t<div class=\"elementor-widget-wrap elementor-element-populated\">\n\t\t\t\t\t\t<div class=\"elementor-element elementor-element-ee78d39 elementor-widget elementor-widget-spacer\" data-id=\"ee78d39\" data-element_type=\"widget\" data-e-type=\"widget\" data-widget_type=\"spacer.default\">\n\t\t\t\t<div class=\"elementor-widget-container\">\n\t\t\t\t\t\t\t<div class=\"elementor-spacer\">\n\t\t\t<div class=\"elementor-spacer-inner\"><\/div>\n\t\t<\/div>\n\t\t\t\t\t\t<\/div>\n\t\t\t\t<\/div>\n\t\t\t\t\t<\/div>\n\t\t<\/div>\n\t\t\t\t\t<\/div>\n\t\t<\/section>\n\t\t\t\t<section class=\"elementor-section elementor-top-section elementor-element elementor-element-ede0f00 elementor-section-boxed elementor-section-height-default elementor-section-height-default\" data-id=\"ede0f00\" data-element_type=\"section\" data-e-type=\"section\">\n\t\t\t\t\t\t<div class=\"elementor-container elementor-column-gap-default\">\n\t\t\t\t\t<div class=\"elementor-column elementor-col-100 elementor-top-column elementor-element elementor-element-8047bcd\" data-id=\"8047bcd\" data-element_type=\"column\" data-e-type=\"column\">\n\t\t\t<div class=\"elementor-widget-wrap elementor-element-populated\">\n\t\t\t\t\t\t<div class=\"elementor-element elementor-element-15a528f elementor-widget elementor-widget-heading\" data-id=\"15a528f\" data-element_type=\"widget\" data-e-type=\"widget\" data-widget_type=\"heading.default\">\n\t\t\t\t<div class=\"elementor-widget-container\">\n\t\t\t\t\t<h2 class=\"elementor-heading-title elementor-size-default\"><u>Ansprechpartner<\/u><\/h2>\t\t\t\t<\/div>\n\t\t\t\t<\/div>\n\t\t\t\t\t<\/div>\n\t\t<\/div>\n\t\t\t\t\t<\/div>\n\t\t<\/section>\n\t\t\t\t<section class=\"elementor-section elementor-top-section elementor-element elementor-element-29b57f0 elementor-section-boxed elementor-section-height-default elementor-section-height-default\" data-id=\"29b57f0\" data-element_type=\"section\" data-e-type=\"section\">\n\t\t\t\t\t\t<div class=\"elementor-container elementor-column-gap-default\">\n\t\t\t\t\t<div class=\"elementor-column elementor-col-100 elementor-top-column elementor-element elementor-element-1963651\" data-id=\"1963651\" data-element_type=\"column\" data-e-type=\"column\">\n\t\t\t<div class=\"elementor-widget-wrap elementor-element-populated\">\n\t\t\t\t\t\t<div class=\"elementor-element elementor-element-244d602 elementor-widget elementor-widget-text-editor\" data-id=\"244d602\" data-element_type=\"widget\" data-e-type=\"widget\" data-widget_type=\"text-editor.default\">\n\t\t\t\t<div class=\"elementor-widget-container\">\n\t\t\t\t\t\t\t\t\t<p>Name: Christian Riede<\/p><p>Telefon: +49 5344 959655<\/p><p>E-Mail: <a href=\"mailto:c.s.riede@kabelmail.de\">c.s.riede@kabelmail.de<\/a><\/p>\t\t\t\t\t\t\t\t<\/div>\n\t\t\t\t<\/div>\n\t\t\t\t\t<\/div>\n\t\t<\/div>\n\t\t\t\t\t<\/div>\n\t\t<\/section>\n\t\t\t\t<section class=\"elementor-section elementor-top-section elementor-element elementor-element-e9b62f6 elementor-section-boxed elementor-section-height-default elementor-section-height-default\" data-id=\"e9b62f6\" data-element_type=\"section\" data-e-type=\"section\">\n\t\t\t\t\t\t<div class=\"elementor-container elementor-column-gap-default\">\n\t\t\t\t\t<div class=\"elementor-column elementor-col-100 elementor-top-column elementor-element elementor-element-1dc16cb\" data-id=\"1dc16cb\" data-element_type=\"column\" data-e-type=\"column\">\n\t\t\t<div class=\"elementor-widget-wrap elementor-element-populated\">\n\t\t\t\t\t\t<div class=\"elementor-element elementor-element-e752eb9 elementor-widget elementor-widget-wp-widget-srpw_widget\" data-id=\"e752eb9\" data-element_type=\"widget\" data-e-type=\"widget\" data-widget_type=\"wp-widget-srpw_widget.default\">\n\t\t\t\t<div class=\"elementor-widget-container\">\n\t\t\t\t\t&lt;h2&gt;&lt;u&gt;Aktuelles&lt;\/h2&gt;&lt;\/u&gt;<div class=\"srpw-block srpw-classic-style \"><style>.srpw-thumbnail{\r\nwidth: 60px;\r\nheight: 60px;\r\n}<\/style><ul class=\"srpw-ul\"><li class=\"srpw-li srpw-clearfix\"><a class=\"srpw-img srpw-alignleft\" href=\"https:\/\/www.sv-lengede.de\/svl\/taekwondo-bezirksmeisterschaft-2014\/\" target=\"_self\"><img decoding=\"async\" width=\"64\" height=\"64\" src=\"https:\/\/www.sv-lengede.de\/svl\/wp-content\/uploads\/2014\/12\/taekwondo.png\" class=\" srpw-thumbnail wp-post-image\" alt=\"Taekwondo: Bezirksmeisterschaft 2014\" \/><\/a><div class=\"srpw-content\"><a class=\"srpw-title\" href=\"https:\/\/www.sv-lengede.de\/svl\/taekwondo-bezirksmeisterschaft-2014\/\" target=\"_self\">Taekwondo: Bezirksmeisterschaft 2014<\/a><div class=\"srpw-meta\"><time class=\"srpw-time published\" datetime=\"2014-09-10T10:50:35+02:00\">10. September 2014<\/time><\/div><div class=\"srpw-summary\"><p>Bezirksmeisterschaft 2014<\/p><a href=\"https:\/\/www.sv-lengede.de\/svl\/taekwondo-bezirksmeisterschaft-2014\/\" class=\"srpw-more-link\" target=\"_self\">Weiterlesen<\/a><\/div><\/div><\/li><\/ul><\/div><!-- Generated by http:\/\/wordpress.org\/plugins\/smart-recent-posts-widget\/ -->\t\t\t\t<\/div>\n\t\t\t\t<\/div>\n\t\t\t\t\t<\/div>\n\t\t<\/div>\n\t\t\t\t\t<\/div>\n\t\t<\/section>\n\t\t\t\t<\/div>\n\t\t","protected":false},"excerpt":{"rendered":"<p>Unseren Sport k\u00f6nnen alle aus\u00fcben, die Lust und Spa\u00df haben sich durch Taekwondo fit zu halten. Dieser Kampfsport ist in seinen Bewegungsabl\u00e4ufen<\/p>\n<p class=\"link-more\"><a class=\"myButt \" href=\"https:\/\/www.sv-lengede.de\/svl\/taekwondo-bezirksmeisterschaft-2014\/\">Read More<\/a><\/p>\n","protected":false},"author":1,"featured_media":0,"parent":0,"menu_order":0,"comment_status":"closed","ping_status":"closed","template":"","meta":{"footnotes":""},"class_list":["post-3053","page","type-page","status-publish","hentry"],"rttpg_featured_image_url":null,"rttpg_author":{"display_name":"svladmin","author_link":"https:\/\/www.sv-lengede.de\/svl\/author\/svladmin\/"},"rttpg_comment":0,"rttpg_category":"","rttpg_excerpt":"Unseren Sport k\u00f6nnen alle aus\u00fcben, die Lust und Spa\u00df haben sich durch Taekwondo fit zu halten. Dieser Kampfsport ist in seinen Bewegungsabl\u00e4ufenRead More","_links":{"self":[{"href":"https:\/\/www.sv-lengede.de\/svl\/wp-json\/wp\/v2\/pages\/3053","targetHints":{"allow":["GET"]}}],"collection":[{"href":"https:\/\/www.sv-lengede.de\/svl\/wp-json\/wp\/v2\/pages"}],"about":[{"href":"https:\/\/www.sv-lengede.de\/svl\/wp-json\/wp\/v2\/types\/page"}],"author":[{"embeddable":true,"href":"https:\/\/www.sv-lengede.de\/svl\/wp-json\/wp\/v2\/users\/1"}],"replies":[{"embeddable":true,"href":"https:\/\/www.sv-lengede.de\/svl\/wp-json\/wp\/v2\/comments?post=3053"}],"version-history":[{"count":10,"href":"https:\/\/www.sv-lengede.de\/svl\/wp-json\/wp\/v2\/pages\/3053\/revisions"}],"predecessor-version":[{"id":4855,"href":"https:\/\/www.sv-lengede.de\/svl\/wp-json\/wp\/v2\/pages\/3053\/revisions\/4855"}],"wp:attachment":[{"href":"https:\/\/www.sv-lengede.de\/svl\/wp-json\/wp\/v2\/media?parent=3053"}],"curies":[{"name":"wp","href":"https:\/\/api.w.org\/{rel}","templated":true}]}}